{"id":5151,"date":"2024-05-03T21:46:18","date_gmt":"2024-05-03T21:46:18","guid":{"rendered":"https:\/\/7yeguasqro.com\/?page_id=5151"},"modified":"2024-07-11T23:43:33","modified_gmt":"2024-07-11T23:43:33","slug":"equinoterapia","status":"publish","type":"page","link":"https:\/\/7yeguasqro.com\/index.php\/equinoterapia\/","title":{"rendered":"EQUINOTERAPIA"},"content":{"rendered":"\t\t<div data-elementor-type=\"wp-page\" data-elementor-id=\"5151\" class=\"elementor elementor-5151\" data-elementor-post-type=\"page\">\n\t\t\t\t<div class=\"elementor-element elementor-element-23c1e1b8 e-flex e-con-boxed e-con e-parent\" data-id=\"23c1e1b8\" data-element_type=\"container\">\n\t\t\t\t\t<div class=\"e-con-inner\">\n\t\t\t\t<div class=\"elementor-element elementor-element-1c4d25d0 elementor-widget elementor-widget-text-editor\" data-id=\"1c4d25d0\" data-element_type=\"widget\" data-widget_type=\"text-editor.default\">\n\t\t\t\t<div class=\"elementor-widget-container\">\n\t\t\t<style>\/*! elementor - v3.21.0 - 30-04-2024 *\/\n.elementor-widget-text-editor.elementor-drop-cap-view-stacked .elementor-drop-cap{background-color:#69727d;color:#fff}.elementor-widget-text-editor.elementor-drop-cap-view-framed .elementor-drop-cap{color:#69727d;border:3px solid;background-color:transparent}.elementor-widget-text-editor:not(.elementor-drop-cap-view-default) .elementor-drop-cap{margin-top:8px}.elementor-widget-text-editor:not(.elementor-drop-cap-view-default) .elementor-drop-cap-letter{width:1em;height:1em}.elementor-widget-text-editor .elementor-drop-cap{float:left;text-align:center;line-height:1;font-size:50px}.elementor-widget-text-editor .elementor-drop-cap-letter{display:inline-block}<\/style>\t\t\t\t<h6><span style=\"color: #ffffff;\">El servicio de equinoterapia ofrecido por el centro ecuestre 7 Yeguas combina la pasi\u00f3n por los caballos con el compromiso hacia el bienestar f\u00edsico, emocional, social y cognitivo de las personas.<\/span><\/h6>\n<h6><span style=\"color: #ffffff;\">A trav\u00e9s de sesiones especializadas, adaptadas a las necesidades individuales de cada participante, se utiliza la interacci\u00f3n con los equinos como un tratamiento terap\u00e9utico efectivo en el que a partir de los movimientos de los caballos se logra mejorar la calidad de vida de las personas, puede ser usado tanto para ni\u00f1os, adultos y en estimulaci\u00f3n temprana.<\/span><\/h6>\n<h6><span style=\"color: #ffffff;\">La equinoterapia incrementa la autoestima y la seguridad, fomenta la autonom\u00eda y el autocontrol, mejora el lenguaje y la comunicaci\u00f3n, potencia la concentraci\u00f3n y la atenci\u00f3n, aumenta la motivaci\u00f3n, corrige problemas de conducta, mejora el desarrollo del tono muscular, el equilibrio, la coordinaci\u00f3n, la destreza motora, amplia la tranquilidad y la sensaci\u00f3n de bienestar reduciendo el estr\u00e9s, los s\u00edntomas de depresi\u00f3n, apat\u00eda y ansiedad.<\/span><\/h6>\n<h6><span style=\"color: #ffffff;\">Con un equipo de profesionales capacitados y la presencia de caballos especialmente entrenados, el servicio de equinoterapia de 7 Yeguas, ofrece una experiencia \u00fanica que puede marcar una diferencia significativa en la vida de quienes participan en \u00e9l.<\/span><\/h6>\t\t\t\t\t\t<\/div>\n\t\t\t\t<\/div>\n\t\t\t\t<div class=\"elementor-element elementor-element-cab9761 elementor-widget elementor-widget-gallery\" data-id=\"cab9761\" data-element_type=\"widget\" data-settings=\"{&quot;gallery_layout&quot;:&quot;justified&quot;,&quot;lazyload&quot;:&quot;yes&quot;,&quot;ideal_row_height&quot;:{&quot;unit&quot;:&quot;px&quot;,&quot;size&quot;:200,&quot;sizes&quot;:[]},&quot;ideal_row_height_tablet&quot;:{&quot;unit&quot;:&quot;px&quot;,&quot;size&quot;:150,&quot;sizes&quot;:[]},&quot;ideal_row_height_mobile&quot;:{&quot;unit&quot;:&quot;px&quot;,&quot;size&quot;:150,&quot;sizes&quot;:[]},&quot;gap&quot;:{&quot;unit&quot;:&quot;px&quot;,&quot;size&quot;:10,&quot;sizes&quot;:[]},&quot;gap_tablet&quot;:{&quot;unit&quot;:&quot;px&quot;,&quot;size&quot;:10,&quot;sizes&quot;:[]},&quot;gap_mobile&quot;:{&quot;unit&quot;:&quot;px&quot;,&quot;size&quot;:10,&quot;sizes&quot;:[]},&quot;link_to&quot;:&quot;file&quot;,&quot;overlay_background&quot;:&quot;yes&quot;,&quot;content_hover_animation&quot;:&quot;fade-in&quot;}\" data-widget_type=\"gallery.default\">\n\t\t\t\t<div class=\"elementor-widget-container\">\n\t\t\t<style>\/*! elementor-pro - v3.21.0 - 30-04-2024 *\/\n.elementor-gallery__container{min-height:1px}.elementor-gallery-item{position:relative;overflow:hidden;display:block;text-decoration:none;border:solid var(--image-border-width) var(--image-border-color);border-radius:var(--image-border-radius)}.elementor-gallery-item__content,.elementor-gallery-item__overlay{height:100%;width:100%;position:absolute;top:0;left:0}.elementor-gallery-item__overlay{mix-blend-mode:var(--overlay-mix-blend-mode);transition-duration:var(--overlay-transition-duration);transition-property:mix-blend-mode,transform,opacity,background-color}.elementor-gallery-item__image.e-gallery-image{transition-duration:var(--image-transition-duration);transition-property:filter,transform}.elementor-gallery-item__content{display:flex;flex-direction:column;justify-content:var(--content-justify-content,center);align-items:center;text-align:var(--content-text-align);padding:var(--content-padding)}.elementor-gallery-item__content>div{transition-duration:var(--content-transition-duration)}.elementor-gallery-item__content.elementor-gallery--sequenced-animation>div:nth-child(2){transition-delay:calc(var(--content-transition-delay) \/ 3)}.elementor-gallery-item__content.elementor-gallery--sequenced-animation>div:nth-child(3){transition-delay:calc(var(--content-transition-delay) \/ 3 * 2)}.elementor-gallery-item__content.elementor-gallery--sequenced-animation>div:nth-child(4){transition-delay:calc(var(--content-transition-delay) \/ 3 * 3)}.elementor-gallery-item__description{color:var(--description-text-color,#fff);width:100%}.elementor-gallery-item__title{color:var(--title-text-color,#fff);font-weight:700;width:100%}.elementor-gallery__titles-container{display:flex;flex-wrap:wrap;justify-content:var(--titles-container-justify-content,center);margin-bottom:20px}.elementor-gallery__titles-container:not(.e--pointer-framed) .elementor-item:after,.elementor-gallery__titles-container:not(.e--pointer-framed) .elementor-item:before{background-color:var(--galleries-pointer-bg-color-hover)}.elementor-gallery__titles-container:not(.e--pointer-framed) .elementor-item.elementor-item-active:after,.elementor-gallery__titles-container:not(.e--pointer-framed) .elementor-item.elementor-item-active:before{background-color:var(--galleries-pointer-bg-color-active)}.elementor-gallery__titles-container.e--pointer-framed .elementor-item:before{border-color:var(--galleries-pointer-bg-color-hover);border-width:var(--galleries-pointer-border-width)}.elementor-gallery__titles-container.e--pointer-framed .elementor-item:after{border-color:var(--galleries-pointer-bg-color-hover)}.elementor-gallery__titles-container.e--pointer-framed .elementor-item.elementor-item-active:after,.elementor-gallery__titles-container.e--pointer-framed .elementor-item.elementor-item-active:before{border-color:var(--galleries-pointer-bg-color-active)}.elementor-gallery__titles-container.e--pointer-framed.e--animation-draw .elementor-item:before{border-left-width:var(--galleries-pointer-border-width);border-bottom-width:var(--galleries-pointer-border-width);border-right-width:0;border-top-width:0}.elementor-gallery__titles-container.e--pointer-framed.e--animation-draw .elementor-item:after{border-left-width:0;border-bottom-width:0;border-right-width:var(--galleries-pointer-border-width);border-top-width:var(--galleries-pointer-border-width)}.elementor-gallery__titles-container.e--pointer-framed.e--animation-corners .elementor-item:before{border-left-width:var(--galleries-pointer-border-width);border-bottom-width:0;border-right-width:0;border-top-width:var(--galleries-pointer-border-width)}.elementor-gallery__titles-container.e--pointer-framed.e--animation-corners .elementor-item:after{border-left-width:0;border-bottom-width:var(--galleries-pointer-border-width);border-right-width:var(--galleries-pointer-border-width);border-top-width:0}.elementor-gallery__titles-container .e--pointer-double-line .elementor-item:after,.elementor-gallery__titles-container .e--pointer-double-line .elementor-item:before,.elementor-gallery__titles-container .e--pointer-overline .elementor-item:before,.elementor-gallery__titles-container .e--pointer-underline .elementor-item:after{height:var(--galleries-pointer-border-width)}.elementor-gallery-title{--space-between:10px;cursor:pointer;color:#6d7882;font-weight:500;position:relative;padding:7px 14px;transition:all .3s}.elementor-gallery-title--active{color:#495157}.elementor-gallery-title:not(:last-child){margin-inline-end:var(--space-between)}.elementor-gallery-item__title+.elementor-gallery-item__description{margin-top:var(--description-margin-top)}.e-gallery-item.elementor-gallery-item{transition-property:all}.e-gallery-item.elementor-animated-content .elementor-animated-item--enter-from-bottom,.e-gallery-item.elementor-animated-content .elementor-animated-item--enter-from-left,.e-gallery-item.elementor-animated-content .elementor-animated-item--enter-from-right,.e-gallery-item.elementor-animated-content .elementor-animated-item--enter-from-top,.e-gallery-item:focus .elementor-gallery__item-overlay-bg,.e-gallery-item:focus .elementor-gallery__item-overlay-content,.e-gallery-item:focus .elementor-gallery__item-overlay-content__description,.e-gallery-item:focus .elementor-gallery__item-overlay-content__title,.e-gallery-item:hover .elementor-gallery__item-overlay-bg,.e-gallery-item:hover .elementor-gallery__item-overlay-content,.e-gallery-item:hover .elementor-gallery__item-overlay-content__description,.e-gallery-item:hover .elementor-gallery__item-overlay-content__title{opacity:1}a.elementor-item.elementor-gallery-title{color:var(--galleries-title-color-normal)}a.elementor-item.elementor-gallery-title.elementor-item-active,a.elementor-item.elementor-gallery-title.highlighted,a.elementor-item.elementor-gallery-title:focus,a.elementor-item.elementor-gallery-title:hover{color:var(--galleries-title-color-hover)}a.elementor-item.elementor-gallery-title.elementor-item-active{color:var(--gallery-title-color-active)}.e-con-inner>.elementor-widget-gallery,.e-con>.elementor-widget-gallery{width:var(--container-widget-width);--flex-grow:var(--container-widget-flex-grow)}<\/style>\t\t<div class=\"elementor-gallery__container\">\n\t\t\t\t\t\t\t<a class=\"e-gallery-item elementor-gallery-item elementor-animated-content\" href=\"https:\/\/7yeguasqro.com\/wp-content\/uploads\/2024\/04\/equinoterapia-8.jpg\" data-elementor-open-lightbox=\"yes\" data-elementor-lightbox-slideshow=\"cab9761\" data-e-action-hash=\"#elementor-action%3Aaction%3Dlightbox%26settings%3DeyJpZCI6NDk4OCwidXJsIjoiaHR0cHM6XC9cLzd5ZWd1YXNxcm8uY29tXC93cC1jb250ZW50XC91cGxvYWRzXC8yMDI0XC8wNFwvZXF1aW5vdGVyYXBpYS04LmpwZyIsInNsaWRlc2hvdyI6ImNhYjk3NjEifQ%3D%3D\">\n\t\t\t\t\t<div class=\"e-gallery-image elementor-gallery-item__image\" data-thumbnail=\"https:\/\/7yeguasqro.com\/wp-content\/uploads\/2024\/04\/equinoterapia-8.jpg\" data-width=\"225\" data-height=\"300\" aria-label=\"\" role=\"img\" ><\/div>\n\t\t\t\t\t\t\t\t\t\t\t<div class=\"elementor-gallery-item__overlay\"><\/div>\n\t\t\t\t\t\t\t\t\t\t\t\t\t\t<\/a>\n\t\t\t\t\t\t\t<a class=\"e-gallery-item elementor-gallery-item elementor-animated-content\" href=\"https:\/\/7yeguasqro.com\/wp-content\/uploads\/2024\/04\/equinoterapia-6.jpg\" data-elementor-open-lightbox=\"yes\" data-elementor-lightbox-slideshow=\"cab9761\" data-e-action-hash=\"#elementor-action%3Aaction%3Dlightbox%26settings%3DeyJpZCI6NDk4NywidXJsIjoiaHR0cHM6XC9cLzd5ZWd1YXNxcm8uY29tXC93cC1jb250ZW50XC91cGxvYWRzXC8yMDI0XC8wNFwvZXF1aW5vdGVyYXBpYS02LmpwZyIsInNsaWRlc2hvdyI6ImNhYjk3NjEifQ%3D%3D\">\n\t\t\t\t\t<div class=\"e-gallery-image elementor-gallery-item__image\" data-thumbnail=\"https:\/\/7yeguasqro.com\/wp-content\/uploads\/2024\/04\/equinoterapia-6.jpg\" data-width=\"225\" data-height=\"300\" aria-label=\"\" role=\"img\" ><\/div>\n\t\t\t\t\t\t\t\t\t\t\t<div class=\"elementor-gallery-item__overlay\"><\/div>\n\t\t\t\t\t\t\t\t\t\t\t\t\t\t<\/a>\n\t\t\t\t\t\t\t<a class=\"e-gallery-item elementor-gallery-item elementor-animated-content\" href=\"https:\/\/7yeguasqro.com\/wp-content\/uploads\/2024\/04\/equinoterapia-2.jpeg\" data-elementor-open-lightbox=\"yes\" data-elementor-lightbox-slideshow=\"cab9761\" data-e-action-hash=\"#elementor-action%3Aaction%3Dlightbox%26settings%3DeyJpZCI6NDk4NiwidXJsIjoiaHR0cHM6XC9cLzd5ZWd1YXNxcm8uY29tXC93cC1jb250ZW50XC91cGxvYWRzXC8yMDI0XC8wNFwvZXF1aW5vdGVyYXBpYS0yLmpwZWciLCJzbGlkZXNob3ciOiJjYWI5NzYxIn0%3D\">\n\t\t\t\t\t<div class=\"e-gallery-image elementor-gallery-item__image\" data-thumbnail=\"https:\/\/7yeguasqro.com\/wp-content\/uploads\/2024\/04\/equinoterapia-2.jpeg\" data-width=\"300\" data-height=\"225\" aria-label=\"\" role=\"img\" ><\/div>\n\t\t\t\t\t\t\t\t\t\t\t<div class=\"elementor-gallery-item__overlay\"><\/div>\n\t\t\t\t\t\t\t\t\t\t\t\t\t\t<\/a>\n\t\t\t\t\t\t\t<a class=\"e-gallery-item elementor-gallery-item elementor-animated-content\" href=\"https:\/\/7yeguasqro.com\/wp-content\/uploads\/2024\/04\/equinoterapia-1.jpg\" data-elementor-open-lightbox=\"yes\" data-elementor-lightbox-slideshow=\"cab9761\" data-e-action-hash=\"#elementor-action%3Aaction%3Dlightbox%26settings%3DeyJpZCI6NDk4NSwidXJsIjoiaHR0cHM6XC9cLzd5ZWd1YXNxcm8uY29tXC93cC1jb250ZW50XC91cGxvYWRzXC8yMDI0XC8wNFwvZXF1aW5vdGVyYXBpYS0xLmpwZyIsInNsaWRlc2hvdyI6ImNhYjk3NjEifQ%3D%3D\">\n\t\t\t\t\t<div class=\"e-gallery-image elementor-gallery-item__image\" data-thumbnail=\"https:\/\/7yeguasqro.com\/wp-content\/uploads\/2024\/04\/equinoterapia-1.jpg\" data-width=\"225\" data-height=\"300\" aria-label=\"\" role=\"img\" ><\/div>\n\t\t\t\t\t\t\t\t\t\t\t<div class=\"elementor-gallery-item__overlay\"><\/div>\n\t\t\t\t\t\t\t\t\t\t\t\t\t\t<\/a>\n\t\t\t\t\t\t\t<a class=\"e-gallery-item elementor-gallery-item elementor-animated-content\" href=\"https:\/\/7yeguasqro.com\/wp-content\/uploads\/2024\/04\/equinoterapia-7.jpg\" data-elementor-open-lightbox=\"yes\" data-elementor-lightbox-slideshow=\"cab9761\" data-e-action-hash=\"#elementor-action%3Aaction%3Dlightbox%26settings%3DeyJpZCI6NDk4NCwidXJsIjoiaHR0cHM6XC9cLzd5ZWd1YXNxcm8uY29tXC93cC1jb250ZW50XC91cGxvYWRzXC8yMDI0XC8wNFwvZXF1aW5vdGVyYXBpYS03LmpwZyIsInNsaWRlc2hvdyI6ImNhYjk3NjEifQ%3D%3D\">\n\t\t\t\t\t<div class=\"e-gallery-image elementor-gallery-item__image\" data-thumbnail=\"https:\/\/7yeguasqro.com\/wp-content\/uploads\/2024\/04\/equinoterapia-7.jpg\" data-width=\"225\" data-height=\"300\" aria-label=\"\" role=\"img\" ><\/div>\n\t\t\t\t\t\t\t\t\t\t\t<div class=\"elementor-gallery-item__overlay\"><\/div>\n\t\t\t\t\t\t\t\t\t\t\t\t\t\t<\/a>\n\t\t\t\t\t\t\t<a class=\"e-gallery-item elementor-gallery-item elementor-animated-content\" href=\"https:\/\/7yeguasqro.com\/wp-content\/uploads\/2024\/04\/equinoterapia-3.jpg\" data-elementor-open-lightbox=\"yes\" data-elementor-lightbox-slideshow=\"cab9761\" data-e-action-hash=\"#elementor-action%3Aaction%3Dlightbox%26settings%3DeyJpZCI6NDk4MywidXJsIjoiaHR0cHM6XC9cLzd5ZWd1YXNxcm8uY29tXC93cC1jb250ZW50XC91cGxvYWRzXC8yMDI0XC8wNFwvZXF1aW5vdGVyYXBpYS0zLmpwZyIsInNsaWRlc2hvdyI6ImNhYjk3NjEifQ%3D%3D\">\n\t\t\t\t\t<div class=\"e-gallery-image elementor-gallery-item__image\" data-thumbnail=\"https:\/\/7yeguasqro.com\/wp-content\/uploads\/2024\/04\/equinoterapia-3.jpg\" data-width=\"300\" data-height=\"225\" aria-label=\"\" role=\"img\" ><\/div>\n\t\t\t\t\t\t\t\t\t\t\t<div class=\"elementor-gallery-item__overlay\"><\/div>\n\t\t\t\t\t\t\t\t\t\t\t\t\t\t<\/a>\n\t\t\t\t\t\t\t<a class=\"e-gallery-item elementor-gallery-item elementor-animated-content\" href=\"https:\/\/7yeguasqro.com\/wp-content\/uploads\/2024\/04\/equinoterapia-2.jpg\" data-elementor-open-lightbox=\"yes\" data-elementor-lightbox-slideshow=\"cab9761\" data-e-action-hash=\"#elementor-action%3Aaction%3Dlightbox%26settings%3DeyJpZCI6NDk4MiwidXJsIjoiaHR0cHM6XC9cLzd5ZWd1YXNxcm8uY29tXC93cC1jb250ZW50XC91cGxvYWRzXC8yMDI0XC8wNFwvZXF1aW5vdGVyYXBpYS0yLmpwZyIsInNsaWRlc2hvdyI6ImNhYjk3NjEifQ%3D%3D\">\n\t\t\t\t\t<div class=\"e-gallery-image elementor-gallery-item__image\" data-thumbnail=\"https:\/\/7yeguasqro.com\/wp-content\/uploads\/2024\/04\/equinoterapia-2.jpg\" data-width=\"225\" data-height=\"300\" aria-label=\"\" role=\"img\" ><\/div>\n\t\t\t\t\t\t\t\t\t\t\t<div class=\"elementor-gallery-item__overlay\"><\/div>\n\t\t\t\t\t\t\t\t\t\t\t\t\t\t<\/a>\n\t\t\t\t\t\t\t<a class=\"e-gallery-item elementor-gallery-item elementor-animated-content\" href=\"https:\/\/7yeguasqro.com\/wp-content\/uploads\/2024\/04\/equinoterapia-1.jpeg\" data-elementor-open-lightbox=\"yes\" data-elementor-lightbox-slideshow=\"cab9761\" data-e-action-hash=\"#elementor-action%3Aaction%3Dlightbox%26settings%3DeyJpZCI6NDk4MSwidXJsIjoiaHR0cHM6XC9cLzd5ZWd1YXNxcm8uY29tXC93cC1jb250ZW50XC91cGxvYWRzXC8yMDI0XC8wNFwvZXF1aW5vdGVyYXBpYS0xLmpwZWciLCJzbGlkZXNob3ciOiJjYWI5NzYxIn0%3D\">\n\t\t\t\t\t<div class=\"e-gallery-image elementor-gallery-item__image\" data-thumbnail=\"https:\/\/7yeguasqro.com\/wp-content\/uploads\/2024\/04\/equinoterapia-1.jpeg\" data-width=\"300\" data-height=\"225\" aria-label=\"\" role=\"img\" ><\/div>\n\t\t\t\t\t\t\t\t\t\t\t<div class=\"elementor-gallery-item__overlay\"><\/div>\n\t\t\t\t\t\t\t\t\t\t\t\t\t\t<\/a>\n\t\t\t\t\t\t\t<a class=\"e-gallery-item elementor-gallery-item elementor-animated-content\" href=\"https:\/\/7yeguasqro.com\/wp-content\/uploads\/2024\/04\/equinoterapia-5.jpg\" data-elementor-open-lightbox=\"yes\" data-elementor-lightbox-slideshow=\"cab9761\" data-e-action-hash=\"#elementor-action%3Aaction%3Dlightbox%26settings%3DeyJpZCI6NDk4MCwidXJsIjoiaHR0cHM6XC9cLzd5ZWd1YXNxcm8uY29tXC93cC1jb250ZW50XC91cGxvYWRzXC8yMDI0XC8wNFwvZXF1aW5vdGVyYXBpYS01LmpwZyIsInNsaWRlc2hvdyI6ImNhYjk3NjEifQ%3D%3D\">\n\t\t\t\t\t<div class=\"e-gallery-image elementor-gallery-item__image\" data-thumbnail=\"https:\/\/7yeguasqro.com\/wp-content\/uploads\/2024\/04\/equinoterapia-5.jpg\" data-width=\"300\" data-height=\"293\" aria-label=\"\" role=\"img\" ><\/div>\n\t\t\t\t\t\t\t\t\t\t\t<div class=\"elementor-gallery-item__overlay\"><\/div>\n\t\t\t\t\t\t\t\t\t\t\t\t\t\t<\/a>\n\t\t\t\t\t\t\t<a class=\"e-gallery-item elementor-gallery-item elementor-animated-content\" href=\"https:\/\/7yeguasqro.com\/wp-content\/uploads\/2024\/04\/equinoterapia-3.jpeg\" data-elementor-open-lightbox=\"yes\" data-elementor-lightbox-slideshow=\"cab9761\" data-e-action-hash=\"#elementor-action%3Aaction%3Dlightbox%26settings%3DeyJpZCI6NDk3OSwidXJsIjoiaHR0cHM6XC9cLzd5ZWd1YXNxcm8uY29tXC93cC1jb250ZW50XC91cGxvYWRzXC8yMDI0XC8wNFwvZXF1aW5vdGVyYXBpYS0zLmpwZWciLCJzbGlkZXNob3ciOiJjYWI5NzYxIn0%3D\">\n\t\t\t\t\t<div class=\"e-gallery-image elementor-gallery-item__image\" data-thumbnail=\"https:\/\/7yeguasqro.com\/wp-content\/uploads\/2024\/04\/equinoterapia-3.jpeg\" data-width=\"169\" data-height=\"300\" aria-label=\"\" role=\"img\" ><\/div>\n\t\t\t\t\t\t\t\t\t\t\t<div class=\"elementor-gallery-item__overlay\"><\/div>\n\t\t\t\t\t\t\t\t\t\t\t\t\t\t<\/a>\n\t\t\t\t\t\t\t<a class=\"e-gallery-item elementor-gallery-item elementor-animated-content\" href=\"https:\/\/7yeguasqro.com\/wp-content\/uploads\/2024\/04\/equinoterapia-4.jpg\" data-elementor-open-lightbox=\"yes\" data-elementor-lightbox-slideshow=\"cab9761\" data-e-action-hash=\"#elementor-action%3Aaction%3Dlightbox%26settings%3DeyJpZCI6NDk3OCwidXJsIjoiaHR0cHM6XC9cLzd5ZWd1YXNxcm8uY29tXC93cC1jb250ZW50XC91cGxvYWRzXC8yMDI0XC8wNFwvZXF1aW5vdGVyYXBpYS00LmpwZyIsInNsaWRlc2hvdyI6ImNhYjk3NjEifQ%3D%3D\">\n\t\t\t\t\t<div class=\"e-gallery-image elementor-gallery-item__image\" data-thumbnail=\"https:\/\/7yeguasqro.com\/wp-content\/uploads\/2024\/04\/equinoterapia-4.jpg\" data-width=\"300\" data-height=\"300\" aria-label=\"\" role=\"img\" ><\/div>\n\t\t\t\t\t\t\t\t\t\t\t<div class=\"elementor-gallery-item__overlay\"><\/div>\n\t\t\t\t\t\t\t\t\t\t\t\t\t\t<\/a>\n\t\t\t\t\t\t\t<a class=\"e-gallery-item elementor-gallery-item elementor-animated-content\" href=\"https:\/\/7yeguasqro.com\/wp-content\/uploads\/2024\/06\/Rei-2.jpeg\" data-elementor-open-lightbox=\"yes\" data-elementor-lightbox-slideshow=\"cab9761\" data-e-action-hash=\"#elementor-action%3Aaction%3Dlightbox%26settings%3DeyJpZCI6NTU5MSwidXJsIjoiaHR0cHM6XC9cLzd5ZWd1YXNxcm8uY29tXC93cC1jb250ZW50XC91cGxvYWRzXC8yMDI0XC8wNlwvUmVpLTIuanBlZyIsInNsaWRlc2hvdyI6ImNhYjk3NjEifQ%3D%3D\">\n\t\t\t\t\t<div class=\"e-gallery-image elementor-gallery-item__image\" data-thumbnail=\"https:\/\/7yeguasqro.com\/wp-content\/uploads\/2024\/06\/Rei-2.jpeg\" data-width=\"225\" data-height=\"300\" aria-label=\"\" role=\"img\" ><\/div>\n\t\t\t\t\t\t\t\t\t\t\t<div class=\"elementor-gallery-item__overlay\"><\/div>\n\t\t\t\t\t\t\t\t\t\t\t\t\t\t<\/a>\n\t\t\t\t\t\t\t<a class=\"e-gallery-item elementor-gallery-item elementor-animated-content\" href=\"https:\/\/7yeguasqro.com\/wp-content\/uploads\/2024\/06\/Rei-1.jpeg\" data-elementor-open-lightbox=\"yes\" data-elementor-lightbox-slideshow=\"cab9761\" data-e-action-hash=\"#elementor-action%3Aaction%3Dlightbox%26settings%3DeyJpZCI6NTU5MCwidXJsIjoiaHR0cHM6XC9cLzd5ZWd1YXNxcm8uY29tXC93cC1jb250ZW50XC91cGxvYWRzXC8yMDI0XC8wNlwvUmVpLTEuanBlZyIsInNsaWRlc2hvdyI6ImNhYjk3NjEifQ%3D%3D\">\n\t\t\t\t\t<div class=\"e-gallery-image elementor-gallery-item__image\" data-thumbnail=\"https:\/\/7yeguasqro.com\/wp-content\/uploads\/2024\/06\/Rei-1.jpeg\" data-width=\"225\" data-height=\"300\" aria-label=\"\" role=\"img\" ><\/div>\n\t\t\t\t\t\t\t\t\t\t\t<div class=\"elementor-gallery-item__overlay\"><\/div>\n\t\t\t\t\t\t\t\t\t\t\t\t\t\t<\/a>\n\t\t\t\t\t\t\t<a class=\"e-gallery-item elementor-gallery-item elementor-animated-content\" href=\"https:\/\/7yeguasqro.com\/wp-content\/uploads\/2024\/06\/Rei-3.jpeg\" data-elementor-open-lightbox=\"yes\" data-elementor-lightbox-slideshow=\"cab9761\" data-e-action-hash=\"#elementor-action%3Aaction%3Dlightbox%26settings%3DeyJpZCI6NTU4OSwidXJsIjoiaHR0cHM6XC9cLzd5ZWd1YXNxcm8uY29tXC93cC1jb250ZW50XC91cGxvYWRzXC8yMDI0XC8wNlwvUmVpLTMuanBlZyIsInNsaWRlc2hvdyI6ImNhYjk3NjEifQ%3D%3D\">\n\t\t\t\t\t<div class=\"e-gallery-image elementor-gallery-item__image\" data-thumbnail=\"https:\/\/7yeguasqro.com\/wp-content\/uploads\/2024\/06\/Rei-3.jpeg\" data-width=\"225\" data-height=\"300\" aria-label=\"\" role=\"img\" ><\/div>\n\t\t\t\t\t\t\t\t\t\t\t<div class=\"elementor-gallery-item__overlay\"><\/div>\n\t\t\t\t\t\t\t\t\t\t\t\t\t\t<\/a>\n\t\t\t\t\t<\/div>\n\t\t\t<\/div>\n\t\t\t\t<\/div>\n\t\t\t\t\t<\/div>\n\t\t\t\t<\/div>\n\t\t<div class=\"elementor-element elementor-element-c62d4a8 e-flex e-con-boxed e-con e-parent\" data-id=\"c62d4a8\" data-element_type=\"container\">\n\t\t\t\t\t<div class=\"e-con-inner\">\n\t\t\t\t\t<\/div>\n\t\t\t\t<\/div>\n\t\t\t\t<\/div>\n\t\t","protected":false},"excerpt":{"rendered":"<p>El servicio de equinoterapia ofrecido por el centro ecuestre 7 Yeguas combina la pasi\u00f3n por los caballos con el compromiso hacia el bienestar f\u00edsico, emocional, social y cognitivo de las personas. A trav\u00e9s de sesiones especializadas, adaptadas a las necesidades individuales de cada participante, se utiliza la interacci\u00f3n con los equinos como un tratamiento terap\u00e9utico&#8230; <\/p>\n<div class=\"clear\"><\/div>\n<p><a href=\"https:\/\/7yeguasqro.com\/index.php\/equinoterapia\/\" class=\"excerpt-read-more\">Continue Reading<i class=\"fa fa-long-arrow-right icon-long-arrow-right\"><\/i><\/a><\/p>\n","protected":false},"author":1,"featured_media":0,"parent":0,"menu_order":0,"comment_status":"closed","ping_status":"closed","template":"","meta":{"footnotes":""},"class_list":["post-5151","page","type-page","status-publish","hentry"],"aioseo_notices":[],"_links":{"self":[{"href":"https:\/\/7yeguasqro.com\/index.php\/wp-json\/wp\/v2\/pages\/5151","targetHints":{"allow":["GET"]}}],"collection":[{"href":"https:\/\/7yeguasqro.com\/index.php\/wp-json\/wp\/v2\/pages"}],"about":[{"href":"https:\/\/7yeguasqro.com\/index.php\/wp-json\/wp\/v2\/types\/page"}],"author":[{"embeddable":true,"href":"https:\/\/7yeguasqro.com\/index.php\/wp-json\/wp\/v2\/users\/1"}],"replies":[{"embeddable":true,"href":"https:\/\/7yeguasqro.com\/index.php\/wp-json\/wp\/v2\/comments?post=5151"}],"version-history":[{"count":10,"href":"https:\/\/7yeguasqro.com\/index.php\/wp-json\/wp\/v2\/pages\/5151\/revisions"}],"predecessor-version":[{"id":5659,"href":"https:\/\/7yeguasqro.com\/index.php\/wp-json\/wp\/v2\/pages\/5151\/revisions\/5659"}],"wp:attachment":[{"href":"https:\/\/7yeguasqro.com\/index.php\/wp-json\/wp\/v2\/media?parent=5151"}],"curies":[{"name":"wp","href":"https:\/\/api.w.org\/{rel}","templated":true}]}}