{"id":4503,"date":"2024-04-01T16:24:37","date_gmt":"2024-04-01T16:24:37","guid":{"rendered":"https:\/\/7yeguasqro.com\/?page_id=4503"},"modified":"2024-04-01T22:13:24","modified_gmt":"2024-04-01T22:13:24","slug":"video-galeria","status":"publish","type":"page","link":"https:\/\/7yeguasqro.com\/index.php\/video-galeria\/","title":{"rendered":"Video Galer\u00eda"},"content":{"rendered":"\n<figure class=\"wp-block-embed aligncenter is-type-video is-provider-youtube wp-block-embed-youtube wp-embed-aspect-16-9 wp-has-aspect-ratio\"><div class=\"wp-block-embed__wrapper\">\n<iframe title=\"7 Yeguas - Centro Ecuestre \u00bfQui\u00e9nes somos?\" width=\"960\" height=\"540\" src=\"https:\/\/www.youtube.com\/embed\/i-F72LHdKO8?feature=oembed\" frameborder=\"0\" allow=\"accelerometer; autoplay; clipboard-write; encrypted-media; gyroscope; picture-in-picture; web-share\" referrerpolicy=\"strict-origin-when-cross-origin\" allowfullscreen><\/iframe>\n<\/div><\/figure>\n\n\n\n<figure class=\"wp-block-embed is-type-video is-provider-youtube wp-block-embed-youtube wp-embed-aspect-16-9 wp-has-aspect-ratio\"><div class=\"wp-block-embed__wrapper\">\n<iframe title=\"7 Yeguas - Centro Ecuestre \/ Equinoterapia\" width=\"960\" height=\"540\" src=\"https:\/\/www.youtube.com\/embed\/dDTAjHqy0uw?feature=oembed\" frameborder=\"0\" allow=\"accelerometer; autoplay; clipboard-write; encrypted-media; gyroscope; picture-in-picture; web-share\" referrerpolicy=\"strict-origin-when-cross-origin\" allowfullscreen><\/iframe>\n<\/div><\/figure>\n\n\n\n<figure class=\"wp-block-embed is-type-video is-provider-youtube wp-block-embed-youtube wp-embed-aspect-16-9 wp-has-aspect-ratio\"><div class=\"wp-block-embed__wrapper\">\n<iframe title=\"7 Yeguas - Centro Ecuestre\" width=\"960\" height=\"540\" src=\"https:\/\/www.youtube.com\/embed\/qc7R-Bpn_fQ?feature=oembed\" frameborder=\"0\" allow=\"accelerometer; autoplay; clipboard-write; encrypted-media; gyroscope; picture-in-picture; web-share\" referrerpolicy=\"strict-origin-when-cross-origin\" allowfullscreen><\/iframe>\n<\/div><\/figure>\n\n\n\n<figure class=\"wp-block-embed is-type-video is-provider-youtube wp-block-embed-youtube wp-embed-aspect-16-9 wp-has-aspect-ratio\"><div class=\"wp-block-embed__wrapper\">\n<iframe title=\"7 Yeguas - Centro Ecuestre\/M\u00e9dico Veterinario Adri\u00e1n Gonz\u00e1lez\" width=\"960\" height=\"540\" src=\"https:\/\/www.youtube.com\/embed\/xVrwkgcE_SM?feature=oembed\" frameborder=\"0\" allow=\"accelerometer; autoplay; clipboard-write; encrypted-media; gyroscope; picture-in-picture; web-share\" referrerpolicy=\"strict-origin-when-cross-origin\" allowfullscreen><\/iframe>\n<\/div><\/figure>\n\n\n\n<figure class=\"wp-block-embed is-type-video is-provider-youtube wp-block-embed-youtube wp-embed-aspect-16-9 wp-has-aspect-ratio\"><div class=\"wp-block-embed__wrapper\">\n<iframe title=\"7 Yeguas - Centro Ecuestre\/Testimonios Segunda Parte\" width=\"960\" height=\"540\" src=\"https:\/\/www.youtube.com\/embed\/PbbpOgNxP5c?feature=oembed\" frameborder=\"0\" allow=\"accelerometer; autoplay; clipboard-write; encrypted-media; gyroscope; picture-in-picture; web-share\" referrerpolicy=\"strict-origin-when-cross-origin\" allowfullscreen><\/iframe>\n<\/div><\/figure>\n\n\n\n<figure class=\"wp-block-embed is-type-video is-provider-youtube wp-block-embed-youtube wp-embed-aspect-16-9 wp-has-aspect-ratio\"><div class=\"wp-block-embed__wrapper\">\n<iframe title=\"7 Yeguas - Centro Ecuestre \/ Testimonios\" width=\"960\" height=\"540\" src=\"https:\/\/www.youtube.com\/embed\/BuJGe_Vdvs8?feature=oembed\" frameborder=\"0\" allow=\"accelerometer; autoplay; clipboard-write; encrypted-media; gyroscope; picture-in-picture; web-share\" referrerpolicy=\"strict-origin-when-cross-origin\" allowfullscreen><\/iframe>\n<\/div><\/figure>\n","protected":false},"excerpt":{"rendered":"","protected":false},"author":1,"featured_media":0,"parent":0,"menu_order":0,"comment_status":"closed","ping_status":"closed","template":"","meta":{"footnotes":""},"class_list":["post-4503","page","type-page","status-publish","hentry"],"aioseo_notices":[],"_links":{"self":[{"href":"https:\/\/7yeguasqro.com\/index.php\/wp-json\/wp\/v2\/pages\/4503","targetHints":{"allow":["GET"]}}],"collection":[{"href":"https:\/\/7yeguasqro.com\/index.php\/wp-json\/wp\/v2\/pages"}],"about":[{"href":"https:\/\/7yeguasqro.com\/index.php\/wp-json\/wp\/v2\/types\/page"}],"author":[{"embeddable":true,"href":"https:\/\/7yeguasqro.com\/index.php\/wp-json\/wp\/v2\/users\/1"}],"replies":[{"embeddable":true,"href":"https:\/\/7yeguasqro.com\/index.php\/wp-json\/wp\/v2\/comments?post=4503"}],"version-history":[{"count":4,"href":"https:\/\/7yeguasqro.com\/index.php\/wp-json\/wp\/v2\/pages\/4503\/revisions"}],"predecessor-version":[{"id":4765,"href":"https:\/\/7yeguasqro.com\/index.php\/wp-json\/wp\/v2\/pages\/4503\/revisions\/4765"}],"wp:attachment":[{"href":"https:\/\/7yeguasqro.com\/index.php\/wp-json\/wp\/v2\/media?parent=4503"}],"curies":[{"name":"wp","href":"https:\/\/api.w.org\/{rel}","templated":true}]}}